{"id":22,"date":"2023-04-18T15:27:31","date_gmt":"2023-04-18T13:27:31","guid":{"rendered":"https:\/\/oloffson.cz\/?page_id=22"},"modified":"2023-06-28T14:21:11","modified_gmt":"2023-06-28T12:21:11","slug":"info","status":"publish","type":"page","link":"https:\/\/oloffson.cz\/en\/info\/","title":{"rendered":"Info"},"content":{"rendered":"<div data-elementor-type=\"wp-page\" data-elementor-id=\"22\" class=\"elementor elementor-22\">\n\t\t\t\t\t\t<section class=\"elementor-section elementor-top-section elementor-element elementor-element-1ff416d elementor-section-boxed elementor-section-height-default elementor-section-height-default\" data-id=\"1ff416d\" data-element_type=\"section\" data-settings=\"{&quot;background_background&quot;:&quot;classic&quot;}\">\n\t\t\t\t\t\t<div class=\"elementor-container elementor-column-gap-default\">\n\t\t\t\t\t<div class=\"elementor-column elementor-col-100 elementor-top-column elementor-element elementor-element-85454a6 ph-box\" data-id=\"85454a6\" data-element_type=\"column\" data-settings=\"{&quot;background_background&quot;:&quot;classic&quot;}\">\n\t\t\t<div class=\"elementor-widget-wrap elementor-element-populated\">\n\t\t\t\t\t\t<div class=\"elementor-element elementor-element-c066eeb elementor-widget elementor-widget-text-editor\" data-id=\"c066eeb\" data-element_type=\"widget\" data-widget_type=\"text-editor.default\">\n\t\t\t\t<div class=\"elementor-widget-container\">\n\t\t\t\t\t\t\t\t\t<p><span class=\"font-hero\">D\u016fle\u017eit\u00e9 informace<br \/><\/span><\/p><hr \/>\t\t\t\t\t\t\t\t<\/div>\n\t\t\t\t<\/div>\n\t\t\t\t<div class=\"elementor-element elementor-element-ae7cabd elementor-widget elementor-widget-text-editor\" data-id=\"ae7cabd\" data-element_type=\"widget\" data-widget_type=\"text-editor.default\">\n\t\t\t\t<div class=\"elementor-widget-container\">\n\t\t\t\t\t\t\t\t\t<div class=\"font-main-regular mb10\"><p>ADRESA<br \/>Palack\u00e9ho n\u00e1m\u011bst\u00ed \u010dp. 15, 394 64, Po\u010d\u00e1tky<br \/><br \/>TELEFON<br \/>+420 722 594 403<br \/><br \/>E-MAIL<br \/>penzion@oloffson.cz<br \/><br \/>I\u010c: 28069528<br \/>Nejsme pl\u00e1tci DPH<br \/><br \/>\u010c\u00edslo bankovn\u00edho \u00fa\u010dtu: 183915181\/0600<br \/>IBAN: CZ72 0600 0000 0001 8391 5181<br \/>SWIFT code BIC: AGBACZPP<\/p><\/div>\t\t\t\t\t\t\t\t<\/div>\n\t\t\t\t<\/div>\n\t\t\t\t\t<\/div>\n\t\t<\/div>\n\t\t\t\t\t<\/div>\n\t\t<\/section>\n\t\t\t\t<section class=\"elementor-section elementor-top-section elementor-element elementor-element-b0700b3 elementor-section-full_width elementor-section-height-default elementor-section-height-default\" data-id=\"b0700b3\" data-element_type=\"section\">\n\t\t\t\t\t\t<div class=\"elementor-container elementor-column-gap-default\">\n\t\t\t\t\t<div class=\"elementor-column elementor-col-100 elementor-top-column elementor-element elementor-element-f8b2048\" data-id=\"f8b2048\" data-element_type=\"column\">\n\t\t\t<div class=\"elementor-widget-wrap elementor-element-populated\">\n\t\t\t\t\t\t<div class=\"elementor-element elementor-element-22ad1ad elementor-widget elementor-widget-google_maps\" data-id=\"22ad1ad\" data-element_type=\"widget\" data-widget_type=\"google_maps.default\">\n\t\t\t\t<div class=\"elementor-widget-container\">\n\t\t\t\t\t\t\t<div class=\"elementor-custom-embed\">\n\t\t\t<iframe loading=\"lazy\"\n\t\t\t\t\tsrc=\"https:\/\/maps.google.com\/maps?q=Palack%C3%A9ho%20n%C3%A1m%C4%9Bst%C3%AD%20%C4%8Dp.%2015%2C%20394%2064%2C%20Po%C4%8D%C3%A1tky&#038;t=m&#038;z=16&#038;output=embed&#038;iwloc=near\"\n\t\t\t\t\ttitle=\"Palack\u00e9ho n\u00e1m\u011bst\u00ed \u010dp. 15, 394 64, Po\u010d\u00e1tky\"\n\t\t\t\t\taria-label=\"Palack\u00e9ho n\u00e1m\u011bst\u00ed \u010dp. 15, 394 64, Po\u010d\u00e1tky\"\n\t\t\t><\/iframe>\n\t\t<\/div>\n\t\t\t\t\t\t<\/div>\n\t\t\t\t<\/div>\n\t\t\t\t\t<\/div>\n\t\t<\/div>\n\t\t\t\t\t<\/div>\n\t\t<\/section>\n\t\t\t\t<\/div>","protected":false},"excerpt":{"rendered":"<p>D\u016fle\u017eit\u00e9 informace ADRESAPalack\u00e9ho n\u00e1m\u011bst\u00ed \u010dp. 15, 394 64, Po\u010d\u00e1tky TELEFON+420 722 594 403 E-MAILpenzion@oloffson.cz I\u010c: 28069528Nejsme pl\u00e1tci DPH \u010c\u00edslo bankovn\u00edho \u00fa\u010dtu: 183915181\/0600IBAN: CZ72 0600 0000 0001 8391 5181SWIFT code BIC: AGBACZPP<\/p>","protected":false},"author":1,"featured_media":0,"parent":0,"menu_order":0,"comment_status":"closed","ping_status":"closed","template":"","meta":{"_acf_changed":false,"footnotes":""},"class_list":["post-22","page","type-page","status-publish","hentry"],"acf":[],"_links":{"self":[{"href":"https:\/\/oloffson.cz\/en\/wp-json\/wp\/v2\/pages\/22","targetHints":{"allow":["GET"]}}],"collection":[{"href":"https:\/\/oloffson.cz\/en\/wp-json\/wp\/v2\/pages"}],"about":[{"href":"https:\/\/oloffson.cz\/en\/wp-json\/wp\/v2\/types\/page"}],"author":[{"embeddable":true,"href":"https:\/\/oloffson.cz\/en\/wp-json\/wp\/v2\/users\/1"}],"replies":[{"embeddable":true,"href":"https:\/\/oloffson.cz\/en\/wp-json\/wp\/v2\/comments?post=22"}],"version-history":[{"count":0,"href":"https:\/\/oloffson.cz\/en\/wp-json\/wp\/v2\/pages\/22\/revisions"}],"wp:attachment":[{"href":"https:\/\/oloffson.cz\/en\/wp-json\/wp\/v2\/media?parent=22"}],"curies":[{"name":"wp","href":"https:\/\/api.w.org\/{rel}","templated":true}]}}