{"id":14,"date":"2023-04-18T15:26:55","date_gmt":"2023-04-18T13:26:55","guid":{"rendered":"https:\/\/oloffson.cz\/?page_id=14"},"modified":"2023-06-15T14:52:52","modified_gmt":"2023-06-15T12:52:52","slug":"pivni-lazne","status":"publish","type":"page","link":"https:\/\/oloffson.cz\/en\/pivni-lazne\/","title":{"rendered":"Pivn\u00ed l\u00e1zn\u011b"},"content":{"rendered":"<div data-elementor-type=\"wp-page\" data-elementor-id=\"14\" class=\"elementor elementor-14\">\n\t\t\t\t\t\t<section class=\"elementor-section elementor-top-section elementor-element elementor-element-5bcbeda elementor-section-full_width elementor-section-height-min-height elementor-section-height-default elementor-section-items-middle\" data-id=\"5bcbeda\" data-element_type=\"section\" id=\"hero-img\" data-settings=\"{&quot;background_background&quot;:&quot;classic&quot;}\">\n\t\t\t\t\t\t<div class=\"elementor-container elementor-column-gap-default\">\n\t\t\t\t\t<div class=\"elementor-column elementor-col-100 elementor-top-column elementor-element elementor-element-3cbf229\" data-id=\"3cbf229\" data-element_type=\"column\">\n\t\t\t<div class=\"elementor-widget-wrap\">\n\t\t\t\t\t\t\t<\/div>\n\t\t<\/div>\n\t\t\t\t\t<\/div>\n\t\t<\/section>\n\t\t\t\t<section class=\"elementor-section elementor-top-section elementor-element elementor-element-af318fb elementor-section-full_width elementor-section-height-min-height elementor-section-stretched search-bar elementor-section-height-default elementor-section-items-middle\" data-id=\"af318fb\" data-element_type=\"section\" data-settings=\"{&quot;stretch_section&quot;:&quot;section-stretched&quot;,&quot;background_background&quot;:&quot;classic&quot;}\">\n\t\t\t\t\t\t<div class=\"elementor-container elementor-column-gap-default\">\n\t\t\t\t\t<div class=\"elementor-column elementor-col-100 elementor-top-column elementor-element elementor-element-bf48f52\" data-id=\"bf48f52\" data-element_type=\"column\">\n\t\t\t<div class=\"elementor-widget-wrap elementor-element-populated\">\n\t\t\t\t\t\t<div class=\"elementor-element elementor-element-599b8e9 elementor-widget elementor-widget-text-editor\" data-id=\"599b8e9\" data-element_type=\"widget\" data-widget_type=\"text-editor.default\">\n\t\t\t\t<div class=\"elementor-widget-container\">\n\t\t\t\t\t\t\t\t\t    <form method=\"get\" action=\"https:\/\/wubook.net\/wbkd\/wbk\/?lcode=1543445812\" class=\"form_search\">\n        <input id=\"date-picker\" onchange=\"handleDate(this)\" name=\"date\" type=\"date\" placeholder=\" Arrival - departure\" \/>\n        <input id=\"dfrom\" type=\"hidden\" name=\"dfrom\">\n        <input id=\"dto\" type=\"hidden\" name=\"dto\">\n        <div class=\"room-container\">\n          <div id=\"room-output\" onclick=\"toggleRoomChoices()\"><span id=\"room-text\">Guests and apartments<\/span> <img decoding=\"async\" src=\"https:\/\/siestacloudlivestorage.azureedge.net\/default\/e239dd8a-0399-4af2-a514-65acb176fd42.svg\" alt=\"\"><\/div>\n          <input id=\"room-picker\" type=\"hidden\" name=\"occupancies\" value=\"none\"\/>\n          <div id=\"room-range\">\n            <div class=\"number-input\">\n                <label for=\"guest\">Guest count:<\/label>\n                <div class=\"button-container\">\n                  <button type=\"button\" class=\"decrement\">&#8211;<\/button>\n                  <input id=\"guest-count\" type=\"text\" name=\"guest\" class=\"number\" value=\"2\">\n                  <button type=\"button\" class=\"increment\">+<\/button>\n                <\/div>\n              <\/div>\n            \n              <div class=\"number-input\">\n                <label for=\"room\">room:<\/label>\n                <div class=\"button-container\">\n                  <button type=\"button\" class=\"decrement\">&#8211;<\/button>\n                  <input id=\"room-count\" type=\"text\" name=\"room\" class=\"number\" value=\"1\">\n                  <button type=\"button\" class=\"increment\">+<\/button>\n                <\/div>\n              <\/div>\n              <button onclick=\"dataToString()\" type=\"button\">Use<\/button>\n          <\/div>\n        <\/div>\n        <button type=\"submit\"><img decoding=\"async\" src=\"https:\/\/siestacloudlivestorage.azureedge.net\/default\/e2f9e58c-d032-49ec-986c-29d2c9503f2c.svg\" alt=\"\"><\/button>\n    <\/form>\t\t\t\t\t\t\t\t<\/div>\n\t\t\t\t<\/div>\n\t\t\t\t\t<\/div>\n\t\t<\/div>\n\t\t\t\t\t<\/div>\n\t\t<\/section>\n\t\t\t\t<section class=\"elementor-section elementor-top-section elementor-element elementor-element-84e706a section-content elementor-section-boxed elementor-section-height-default elementor-section-height-default\" data-id=\"84e706a\" data-element_type=\"section\">\n\t\t\t\t\t\t<div class=\"elementor-container elementor-column-gap-default\">\n\t\t\t\t\t<div class=\"elementor-column elementor-col-100 elementor-top-column elementor-element elementor-element-32c52b0 content-box\" data-id=\"32c52b0\" data-element_type=\"column\">\n\t\t\t<div class=\"elementor-widget-wrap elementor-element-populated\">\n\t\t\t\t\t\t<section class=\"elementor-section elementor-inner-section elementor-element elementor-element-61f9efa elementor-section-boxed elementor-section-height-default elementor-section-height-default\" data-id=\"61f9efa\" data-element_type=\"section\">\n\t\t\t\t\t\t<div class=\"elementor-container elementor-column-gap-default\">\n\t\t\t\t\t<div class=\"elementor-column elementor-col-50 elementor-inner-column elementor-element elementor-element-1a84a49\" data-id=\"1a84a49\" data-element_type=\"column\">\n\t\t\t<div class=\"elementor-widget-wrap elementor-element-populated\">\n\t\t\t\t\t\t<div class=\"elementor-element elementor-element-bc23538 elementor-widget elementor-widget-image\" data-id=\"bc23538\" data-element_type=\"widget\" data-widget_type=\"image.default\">\n\t\t\t\t<div class=\"elementor-widget-container\">\n\t\t\t\t\t\t\t\t\t\t\t\t\t\t\t<img decoding=\"async\" src=\"http:\/\/oloffson.cz\/wp-content\/uploads\/2023\/04\/719e94e4-cbe2-40c7-b1b8-6bd961c96f7a.jpg\" title=\"\" alt=\"\" loading=\"lazy\" \/>\t\t\t\t\t\t\t\t\t\t\t\t\t\t\t<\/div>\n\t\t\t\t<\/div>\n\t\t\t\t<div class=\"elementor-element elementor-element-d2bb7ae elementor-widget elementor-widget-image\" data-id=\"d2bb7ae\" data-element_type=\"widget\" data-widget_type=\"image.default\">\n\t\t\t\t<div class=\"elementor-widget-container\">\n\t\t\t\t\t\t\t\t\t\t\t\t\t\t\t<img decoding=\"async\" src=\"http:\/\/oloffson.cz\/wp-content\/uploads\/2023\/04\/395e1e21-8127-48a6-ae51-fdb6f07ffd51.jpg\" title=\"\" alt=\"\" loading=\"lazy\" \/>\t\t\t\t\t\t\t\t\t\t\t\t\t\t\t<\/div>\n\t\t\t\t<\/div>\n\t\t\t\t\t<\/div>\n\t\t<\/div>\n\t\t\t\t<div class=\"elementor-column elementor-col-50 elementor-inner-column elementor-element elementor-element-ca2a4d4 text-box-right text-box\" data-id=\"ca2a4d4\" data-element_type=\"column\">\n\t\t\t<div class=\"elementor-widget-wrap elementor-element-populated\">\n\t\t\t\t\t\t<div class=\"elementor-element elementor-element-a7d9497 text-box elementor-widget elementor-widget-text-editor\" data-id=\"a7d9497\" data-element_type=\"widget\" data-widget_type=\"text-editor.default\">\n\t\t\t\t<div class=\"elementor-widget-container\">\n\t\t\t\t\t\t\t\t\t<h1 class=\"font-hero\">WELLNESS Pivn\u00ed l\u00e1zn\u011b<\/h1>\n<h1 class=\"font-hero\">Blahod\u00e1rn\u00e9 \u00fa\u010dinky pivn\u00ed koupele<\/h1>\n\n<hr \/>\n<p class=\"text-box-paragraph\">Pivn\u00ed l\u00e1ze\u0148 je zalo\u017eena na koupeli v p\u0159\u00edrodn\u00edch extraktech, ze kter\u00fdch se va\u0159\u00ed pivo \u2013 chmel, pivovarsk\u00e9 kvasnice a slad. Vysok\u00fd obsah chmelov\u00fdch silic p\u0159isp\u00edv\u00e1 k uvol\u0148ov\u00e1n\u00ed ko\u017en\u00edch p\u00f3r\u016f a celkov\u00e9 revitalizaci. Pivovarsk\u00e9 kvasnice pak d\u00edky sv\u00e9mu vysok\u00e9mu obsahu vitam\u00ednu B a aktivn\u00edm enzym\u016fm p\u016fsob\u00ed blahod\u00e1rn\u011b na regeneraci poko\u017eky. D\u00edky t\u00e9to jedine\u010dn\u00e9 kombinaci p\u0159\u00edrodn\u00edch ingredienc\u00ed doch\u00e1z\u00ed b\u011bhem koupele k povzbuzen\u00ed l\u00e1tkov\u00e9 v\u00fdm\u011bny, vyplaven\u00ed \u0161kodliv\u00fdch l\u00e1tek z t\u011bla, uvoln\u011bn\u00ed vnit\u0159n\u00edho i vn\u011bj\u0161\u00edho nap\u011bt\u00ed, \u00fanavy a stresu, a t\u00edm k dokonal\u00e9mu du\u0161evn\u00edmu i t\u011blesn\u00e9mu odpo\u010dinku.\nP\u0159i n\u00e1v\u0161t\u011bve Pivn\u00edho hotelu v\u00e1m <a class=\"text-link\" href=\"https:\/\/pivnihotel.cz\/serviceOverview\/105\"> pivn\u00ed l\u00e1zn\u011b s ubytov\u00e1n\u00edm <\/a> spole\u010dn\u011b vytvo\u0159\u00ed nep\u0159ekonatelnou kombinaci relaxu a odpo\u010dinku.<\/p>\n<a class=\"button-link\" href=\"#\">REZERVOVAT &#8211; PROZKOUMAT<\/a>\t\t\t\t\t\t\t\t<\/div>\n\t\t\t\t<\/div>\n\t\t\t\t\t<\/div>\n\t\t<\/div>\n\t\t\t\t\t<\/div>\n\t\t<\/section>\n\t\t\t\t\t<\/div>\n\t\t<\/div>\n\t\t\t\t\t<\/div>\n\t\t<\/section>\n\t\t\t\t<section class=\"elementor-section elementor-top-section elementor-element elementor-element-ff8aa23 section-content elementor-section-boxed elementor-section-height-default elementor-section-height-default\" data-id=\"ff8aa23\" data-element_type=\"section\">\n\t\t\t\t\t\t<div class=\"elementor-container elementor-column-gap-default\">\n\t\t\t\t\t<div class=\"elementor-column elementor-col-100 elementor-top-column elementor-element elementor-element-e9c484d content-box\" data-id=\"e9c484d\" data-element_type=\"column\">\n\t\t\t<div class=\"elementor-widget-wrap elementor-element-populated\">\n\t\t\t\t\t\t<section class=\"elementor-section elementor-inner-section elementor-element elementor-element-fb32c3d elementor-section-boxed elementor-section-height-default elementor-section-height-default\" data-id=\"fb32c3d\" data-element_type=\"section\">\n\t\t\t\t\t\t<div class=\"elementor-container elementor-column-gap-default\">\n\t\t\t\t\t<div class=\"elementor-column elementor-col-50 elementor-inner-column elementor-element elementor-element-ac482f7 text-box-left text-box\" data-id=\"ac482f7\" data-element_type=\"column\">\n\t\t\t<div class=\"elementor-widget-wrap elementor-element-populated\">\n\t\t\t\t\t\t<div class=\"elementor-element elementor-element-897bc1b text-box elementor-widget elementor-widget-text-editor\" data-id=\"897bc1b\" data-element_type=\"widget\" data-widget_type=\"text-editor.default\">\n\t\t\t\t<div class=\"elementor-widget-container\">\n\t\t\t\t\t\t\t\t\t<h1 class=\"font-hero\">Mas\u00e1\u017ee, peelingy, z\u00e1baly<\/h1>\n<h1 class=\"font-hero\">Uvoln\u011bte se a odpo\u010di\u0148te si u n\u00e1s!<\/h1>\n\n<hr \/>\n<p class=\"text-box-paragraph\">Zrelaxujte se v\u0161\u00edm v\u0161udy a sv\u011b\u0159te se do rukou na\u0161ich zku\u0161en\u00fdch mas\u00e9r\u016f! Jedine\u010dn\u00fd z\u00e1\u017eitek a nekone\u010dn\u00e9 uvoln\u011bn\u00ed &#8211; n\u011bkolik druh\u016f mas\u00e1\u017e\u00ed, peeling\u016f a z\u00e1bal\u016f V\u00e1m zajist\u00e9 zp\u0159\u00edjemn\u00ed cel\u00fd pivn\u00ed pobyt. Nechte se h\u00fd\u010dkat a po\u0159i\u010fte si z\u00e1\u017eitek u\u017e dnes!<\/p>\n\n<a class=\"button-link\" href=\"#\">REZERVOVAT &#8211; PROZKOUMAT<\/a>\t\t\t\t\t\t\t\t<\/div>\n\t\t\t\t<\/div>\n\t\t\t\t\t<\/div>\n\t\t<\/div>\n\t\t\t\t<div class=\"elementor-column elementor-col-50 elementor-inner-column elementor-element elementor-element-838bbd4\" data-id=\"838bbd4\" data-element_type=\"column\">\n\t\t\t<div class=\"elementor-widget-wrap elementor-element-populated\">\n\t\t\t\t\t\t<div class=\"elementor-element elementor-element-e24ba3d elementor-widget elementor-widget-image\" data-id=\"e24ba3d\" data-element_type=\"widget\" data-widget_type=\"image.default\">\n\t\t\t\t<div class=\"elementor-widget-container\">\n\t\t\t\t\t\t\t\t\t\t\t\t\t\t\t<img decoding=\"async\" src=\"http:\/\/oloffson.cz\/wp-content\/uploads\/2023\/04\/small_21e17a93-7249-427c-b35f-b534bdf4e616.jpg\" title=\"\" alt=\"\" loading=\"lazy\" \/>\t\t\t\t\t\t\t\t\t\t\t\t\t\t\t<\/div>\n\t\t\t\t<\/div>\n\t\t\t\t<div class=\"elementor-element elementor-element-4973505 elementor-widget elementor-widget-image\" data-id=\"4973505\" data-element_type=\"widget\" data-widget_type=\"image.default\">\n\t\t\t\t<div class=\"elementor-widget-container\">\n\t\t\t\t\t\t\t\t\t\t\t\t\t\t\t<img decoding=\"async\" src=\"http:\/\/oloffson.cz\/wp-content\/uploads\/2023\/04\/small_4136a5e0-a9d9-4198-ad2c-9c19330e5e8c.jpg\" title=\"\" alt=\"\" loading=\"lazy\" \/>\t\t\t\t\t\t\t\t\t\t\t\t\t\t\t<\/div>\n\t\t\t\t<\/div>\n\t\t\t\t\t<\/div>\n\t\t<\/div>\n\t\t\t\t\t<\/div>\n\t\t<\/section>\n\t\t\t\t\t<\/div>\n\t\t<\/div>\n\t\t\t\t\t<\/div>\n\t\t<\/section>\n\t\t\t\t<section class=\"elementor-section elementor-top-section elementor-element elementor-element-3b6ea65 section-content elementor-section-boxed elementor-section-height-default elementor-section-height-default\" data-id=\"3b6ea65\" data-element_type=\"section\">\n\t\t\t\t\t\t<div class=\"elementor-container elementor-column-gap-default\">\n\t\t\t\t\t<div class=\"elementor-column elementor-col-100 elementor-top-column elementor-element elementor-element-fc77ff3 content-box\" data-id=\"fc77ff3\" data-element_type=\"column\">\n\t\t\t<div class=\"elementor-widget-wrap elementor-element-populated\">\n\t\t\t\t\t\t<section class=\"elementor-section elementor-inner-section elementor-element elementor-element-51d0652 elementor-section-boxed elementor-section-height-default elementor-section-height-default\" data-id=\"51d0652\" data-element_type=\"section\">\n\t\t\t\t\t\t<div class=\"elementor-container elementor-column-gap-default\">\n\t\t\t\t\t<div class=\"elementor-column elementor-col-50 elementor-inner-column elementor-element elementor-element-73dd69b\" data-id=\"73dd69b\" data-element_type=\"column\">\n\t\t\t<div class=\"elementor-widget-wrap elementor-element-populated\">\n\t\t\t\t\t\t<div class=\"elementor-element elementor-element-558368e elementor-widget elementor-widget-image\" data-id=\"558368e\" data-element_type=\"widget\" data-widget_type=\"image.default\">\n\t\t\t\t<div class=\"elementor-widget-container\">\n\t\t\t\t\t\t\t\t\t\t\t\t\t\t\t<img decoding=\"async\" src=\"http:\/\/oloffson.cz\/wp-content\/uploads\/2023\/04\/8eb4882e-5c98-4c1a-b950-65840281ee68.jpg\" title=\"\" alt=\"\" loading=\"lazy\" \/>\t\t\t\t\t\t\t\t\t\t\t\t\t\t\t<\/div>\n\t\t\t\t<\/div>\n\t\t\t\t\t<\/div>\n\t\t<\/div>\n\t\t\t\t<div class=\"elementor-column elementor-col-50 elementor-inner-column elementor-element elementor-element-ae69b51 text-box\" data-id=\"ae69b51\" data-element_type=\"column\">\n\t\t\t<div class=\"elementor-widget-wrap elementor-element-populated\">\n\t\t\t\t\t\t<div class=\"elementor-element elementor-element-83fd4cf text-box elementor-widget elementor-widget-text-editor\" data-id=\"83fd4cf\" data-element_type=\"widget\" data-widget_type=\"text-editor.default\">\n\t\t\t\t<div class=\"elementor-widget-container\">\n\t\t\t\t\t\t\t\t\t<h1 class=\"font-hero\">Priv\u00e1tn\u00ed wellness<\/h1>\n<h1 class=\"font-hero\">U\u017e\u00edjte si relax v soukrom\u00ed<\/h1>\n\n<hr \/>\n<p class=\"text-box-paragraph\">Tou\u017e\u00edte po odpo\u010dinku v klidu a soukrom\u00ed? Cel\u00e9 relaxa\u010dn\u00ed wellness centrum je mo\u017eno pronajmout jen pro V\u00e1s, a\u0165 jste p\u00e1r \u010di skupina\u2026 a nikdo a nic V\u00e1s nebude ru\u0161it!<\/p>\t\t\t\t\t\t\t\t<\/div>\n\t\t\t\t<\/div>\n\t\t\t\t\t<\/div>\n\t\t<\/div>\n\t\t\t\t\t<\/div>\n\t\t<\/section>\n\t\t\t\t\t<\/div>\n\t\t<\/div>\n\t\t\t\t\t<\/div>\n\t\t<\/section>\n\t\t\t\t<section class=\"elementor-section elementor-top-section elementor-element elementor-element-605fab7 section-content elementor-section-boxed elementor-section-height-default elementor-section-height-default\" data-id=\"605fab7\" data-element_type=\"section\">\n\t\t\t\t\t\t<div class=\"elementor-container elementor-column-gap-default\">\n\t\t\t\t\t<div class=\"elementor-column elementor-col-100 elementor-top-column elementor-element elementor-element-ecd7e86 content-box\" data-id=\"ecd7e86\" data-element_type=\"column\">\n\t\t\t<div class=\"elementor-widget-wrap elementor-element-populated\">\n\t\t\t\t\t\t<section class=\"elementor-section elementor-inner-section elementor-element elementor-element-052cf71 elementor-section-boxed elementor-section-height-default elementor-section-height-default\" data-id=\"052cf71\" data-element_type=\"section\">\n\t\t\t\t\t\t<div class=\"elementor-container elementor-column-gap-default\">\n\t\t\t\t\t<div class=\"elementor-column elementor-col-50 elementor-inner-column elementor-element elementor-element-231a679 text-box-left text-box\" data-id=\"231a679\" data-element_type=\"column\">\n\t\t\t<div class=\"elementor-widget-wrap elementor-element-populated\">\n\t\t\t\t\t\t<div class=\"elementor-element elementor-element-0457144 text-box elementor-widget elementor-widget-text-editor\" data-id=\"0457144\" data-element_type=\"widget\" data-widget_type=\"text-editor.default\">\n\t\t\t\t<div class=\"elementor-widget-container\">\n\t\t\t\t\t\t\t\t\t<h1 class=\"font-hero\">Pivn\u00ed wellness<\/h1>\n<h1 class=\"font-hero\">Chv\u00edle odpo\u010dinku<\/h1>\n\n<hr \/>\n<p class=\"text-box-paragraph\">Wellness znamen\u00e1 cestu k souladu mysli, du\u0161e a t\u011bla. Na\u0161\u00edm c\u00edlem je, abyste se u n\u00e1s c\u00edtili dob\u0159e a oprostili se od ka\u017edodenn\u00edch starost\u00ed a stres\u016f. Pro tyto \u00fa\u010dely jsme vybudovali relaxa\u010dn\u00ed centrum, kde najdete finskou a parn\u00ed saunu, v\u00ed\u0159ivku, Kneippovy l\u00e1zn\u011b, solnou st\u011bnu, z\u00e1\u017eitkovou sprchu a relaxa\u010dn\u00ed m\u00edstnost.<\/p>\n<a class=\"button-link\" href=\"#\">PROZKOUMAT<\/a>\t\t\t\t\t\t\t\t<\/div>\n\t\t\t\t<\/div>\n\t\t\t\t\t<\/div>\n\t\t<\/div>\n\t\t\t\t<div class=\"elementor-column elementor-col-50 elementor-inner-column elementor-element elementor-element-6ddc049\" data-id=\"6ddc049\" data-element_type=\"column\">\n\t\t\t<div class=\"elementor-widget-wrap elementor-element-populated\">\n\t\t\t\t\t\t<div class=\"elementor-element elementor-element-5ee3946 elementor-widget elementor-widget-image\" data-id=\"5ee3946\" data-element_type=\"widget\" data-widget_type=\"image.default\">\n\t\t\t\t<div class=\"elementor-widget-container\">\n\t\t\t\t\t\t\t\t\t\t\t\t\t\t\t<img decoding=\"async\" src=\"http:\/\/oloffson.cz\/wp-content\/uploads\/2023\/04\/53d03b83-b627-4ad6-b295-ad83c60dfdde.png\" title=\"\" alt=\"\" loading=\"lazy\" \/>\t\t\t\t\t\t\t\t\t\t\t\t\t\t\t<\/div>\n\t\t\t\t<\/div>\n\t\t\t\t<div class=\"elementor-element elementor-element-fcc2339 elementor-widget elementor-widget-image\" data-id=\"fcc2339\" data-element_type=\"widget\" data-widget_type=\"image.default\">\n\t\t\t\t<div class=\"elementor-widget-container\">\n\t\t\t\t\t\t\t\t\t\t\t\t\t\t\t<img decoding=\"async\" src=\"http:\/\/oloffson.cz\/wp-content\/uploads\/2023\/04\/80872333-12fd-4fcb-bc84-993717ba3785.jpg\" title=\"\" alt=\"\" loading=\"lazy\" \/>\t\t\t\t\t\t\t\t\t\t\t\t\t\t\t<\/div>\n\t\t\t\t<\/div>\n\t\t\t\t\t<\/div>\n\t\t<\/div>\n\t\t\t\t\t<\/div>\n\t\t<\/section>\n\t\t\t\t\t<\/div>\n\t\t<\/div>\n\t\t\t\t\t<\/div>\n\t\t<\/section>\n\t\t\t\t<section class=\"elementor-section elementor-top-section elementor-element elementor-element-a47f4f2 elementor-section-full_width elementor-section-height-default elementor-section-height-default\" data-id=\"a47f4f2\" data-element_type=\"section\">\n\t\t\t\t\t\t<div class=\"elementor-container elementor-column-gap-default\">\n\t\t\t\t\t<div class=\"elementor-column elementor-col-100 elementor-top-column elementor-element elementor-element-fa148e0\" data-id=\"fa148e0\" data-element_type=\"column\">\n\t\t\t<div class=\"elementor-widget-wrap elementor-element-populated\">\n\t\t\t\t\t\t<div class=\"elementor-element elementor-element-7ac73442 elementor-widget elementor-widget-google_maps\" data-id=\"7ac73442\" data-element_type=\"widget\" data-widget_type=\"google_maps.default\">\n\t\t\t\t<div class=\"elementor-widget-container\">\n\t\t\t\t\t\t\t<div class=\"elementor-custom-embed\">\n\t\t\t<iframe loading=\"lazy\"\n\t\t\t\t\tsrc=\"https:\/\/maps.google.com\/maps?q=N%C3%A1m.%20Augustina%20N%C4%9Bmejce%20416&#038;t=m&#038;z=14&#038;output=embed&#038;iwloc=near\"\n\t\t\t\t\ttitle=\"N\u00e1m. Augustina N\u011bmejce 416\"\n\t\t\t\t\taria-label=\"N\u00e1m. Augustina N\u011bmejce 416\"\n\t\t\t><\/iframe>\n\t\t<\/div>\n\t\t\t\t\t\t<\/div>\n\t\t\t\t<\/div>\n\t\t\t\t\t<\/div>\n\t\t<\/div>\n\t\t\t\t\t<\/div>\n\t\t<\/section>\n\t\t\t\t<\/div>","protected":false},"excerpt":{"rendered":"<p>HOST\u00c9 A APARTM\u00c1NY Po\u010det host\u016f: &#8211; + Pokoj: &#8211; + POU\u017d\u00cdT WELLNESS Pivn\u00ed l\u00e1zn\u011b Blahod\u00e1rn\u00e9 \u00fa\u010dinky pivn\u00ed koupele Pivn\u00ed l\u00e1ze\u0148 je zalo\u017eena na koupeli v p\u0159\u00edrodn\u00edch extraktech, ze kter\u00fdch se va\u0159\u00ed pivo \u2013 chmel, pivovarsk\u00e9 kvasnice a slad. Vysok\u00fd obsah chmelov\u00fdch silic p\u0159isp\u00edv\u00e1 k uvol\u0148ov\u00e1n\u00ed ko\u017en\u00edch p\u00f3r\u016f a celkov\u00e9 revitalizaci. Pivovarsk\u00e9 kvasnice pak d\u00edky sv\u00e9mu [&hellip;]<\/p>","protected":false},"author":1,"featured_media":0,"parent":0,"menu_order":0,"comment_status":"closed","ping_status":"closed","template":"","meta":{"_acf_changed":false,"footnotes":""},"class_list":["post-14","page","type-page","status-publish","hentry"],"acf":[],"_links":{"self":[{"href":"https:\/\/oloffson.cz\/en\/wp-json\/wp\/v2\/pages\/14","targetHints":{"allow":["GET"]}}],"collection":[{"href":"https:\/\/oloffson.cz\/en\/wp-json\/wp\/v2\/pages"}],"about":[{"href":"https:\/\/oloffson.cz\/en\/wp-json\/wp\/v2\/types\/page"}],"author":[{"embeddable":true,"href":"https:\/\/oloffson.cz\/en\/wp-json\/wp\/v2\/users\/1"}],"replies":[{"embeddable":true,"href":"https:\/\/oloffson.cz\/en\/wp-json\/wp\/v2\/comments?post=14"}],"version-history":[{"count":0,"href":"https:\/\/oloffson.cz\/en\/wp-json\/wp\/v2\/pages\/14\/revisions"}],"wp:attachment":[{"href":"https:\/\/oloffson.cz\/en\/wp-json\/wp\/v2\/media?parent=14"}],"curies":[{"name":"wp","href":"https:\/\/api.w.org\/{rel}","templated":true}]}}