{"id":10,"date":"2023-04-18T15:26:33","date_gmt":"2023-04-18T13:26:33","guid":{"rendered":"https:\/\/oloffson.cz\/?page_id=10"},"modified":"2023-06-28T12:05:33","modified_gmt":"2023-06-28T10:05:33","slug":"wellness","status":"publish","type":"page","link":"https:\/\/oloffson.cz\/en\/wellness\/","title":{"rendered":"Wellness"},"content":{"rendered":"<div data-elementor-type=\"wp-page\" data-elementor-id=\"10\" class=\"elementor elementor-10\">\n\t\t\t\t\t\t<section class=\"elementor-section elementor-top-section elementor-element elementor-element-c0d681d elementor-section-full_width elementor-section-height-min-height elementor-section-stretched elementor-section-height-default elementor-section-items-middle\" data-id=\"c0d681d\" data-element_type=\"section\" id=\"hero-img\" data-settings=\"{&quot;stretch_section&quot;:&quot;section-stretched&quot;,&quot;background_background&quot;:&quot;classic&quot;}\">\n\t\t\t\t\t\t<div class=\"elementor-container elementor-column-gap-default\">\n\t\t\t\t\t<div class=\"elementor-column elementor-col-100 elementor-top-column elementor-element elementor-element-4c9ad4f\" data-id=\"4c9ad4f\" data-element_type=\"column\">\n\t\t\t<div class=\"elementor-widget-wrap\">\n\t\t\t\t\t\t\t<\/div>\n\t\t<\/div>\n\t\t\t\t\t<\/div>\n\t\t<\/section>\n\t\t\t\t<section class=\"elementor-section elementor-top-section elementor-element elementor-element-a5e1b72 elementor-section-full_width elementor-section-height-min-height elementor-section-stretched search-bar elementor-section-height-default elementor-section-items-middle\" data-id=\"a5e1b72\" data-element_type=\"section\" data-settings=\"{&quot;stretch_section&quot;:&quot;section-stretched&quot;,&quot;background_background&quot;:&quot;classic&quot;}\">\n\t\t\t\t\t\t<div class=\"elementor-container elementor-column-gap-default\">\n\t\t\t\t\t<div class=\"elementor-column elementor-col-100 elementor-top-column elementor-element elementor-element-1b2c200\" data-id=\"1b2c200\" data-element_type=\"column\">\n\t\t\t<div class=\"elementor-widget-wrap elementor-element-populated\">\n\t\t\t\t\t\t<div class=\"elementor-element elementor-element-206ba33 elementor-widget elementor-widget-text-editor\" data-id=\"206ba33\" data-element_type=\"widget\" data-widget_type=\"text-editor.default\">\n\t\t\t\t<div class=\"elementor-widget-container\">\n\t\t\t\t\t\t\t\t\t    <form method=\"get\" action=\"https:\/\/wubook.net\/wbkd\/wbk\/?lcode=1543445812\" class=\"form_search\">\n        <input id=\"date-picker\" onchange=\"handleDate(this)\" name=\"date\" type=\"date\" placeholder=\" Arrival - departure\" \/>\n        <input id=\"dfrom\" type=\"hidden\" name=\"dfrom\">\n        <input id=\"dto\" type=\"hidden\" name=\"dto\">\n        <div class=\"room-container\">\n          <div id=\"room-output\" onclick=\"toggleRoomChoices()\"><span id=\"room-text\">Guests and apartments<\/span> <img decoding=\"async\" src=\"https:\/\/siestacloudlivestorage.azureedge.net\/default\/e239dd8a-0399-4af2-a514-65acb176fd42.svg\" alt=\"\"><\/div>\n          <input id=\"room-picker\" type=\"hidden\" name=\"occupancies\" value=\"none\"\/>\n          <div id=\"room-range\">\n            <div class=\"number-input\">\n                <label for=\"guest\">Guest count:<\/label>\n                <div class=\"button-container\">\n                  <button type=\"button\" class=\"decrement\">&#8211;<\/button>\n                  <input id=\"guest-count\" type=\"text\" name=\"guest\" class=\"number\" value=\"2\">\n                  <button type=\"button\" class=\"increment\">+<\/button>\n                <\/div>\n              <\/div>\n            \n              <div class=\"number-input\">\n                <label for=\"room\">room:<\/label>\n                <div class=\"button-container\">\n                  <button type=\"button\" class=\"decrement\">&#8211;<\/button>\n                  <input id=\"room-count\" type=\"text\" name=\"room\" class=\"number\" value=\"1\">\n                  <button type=\"button\" class=\"increment\">+<\/button>\n                <\/div>\n              <\/div>\n              <button onclick=\"dataToString()\" type=\"button\">Use<\/button>\n          <\/div>\n        <\/div>\n        <button type=\"submit\"><img decoding=\"async\" src=\"https:\/\/siestacloudlivestorage.azureedge.net\/default\/e2f9e58c-d032-49ec-986c-29d2c9503f2c.svg\" alt=\"\"><\/button>\n    <\/form>\t\t\t\t\t\t\t\t<\/div>\n\t\t\t\t<\/div>\n\t\t\t\t\t<\/div>\n\t\t<\/div>\n\t\t\t\t\t<\/div>\n\t\t<\/section>\n\t\t\t\t<section class=\"elementor-section elementor-top-section elementor-element elementor-element-2c0a108 section-content elementor-section-boxed elementor-section-height-default elementor-section-height-default\" data-id=\"2c0a108\" data-element_type=\"section\">\n\t\t\t\t\t\t<div class=\"elementor-container elementor-column-gap-default\">\n\t\t\t\t\t<div class=\"elementor-column elementor-col-100 elementor-top-column elementor-element elementor-element-96e5782 content-box\" data-id=\"96e5782\" data-element_type=\"column\">\n\t\t\t<div class=\"elementor-widget-wrap elementor-element-populated\">\n\t\t\t\t\t\t<section class=\"elementor-section elementor-inner-section elementor-element elementor-element-dfbeccc elementor-section-boxed elementor-section-height-default elementor-section-height-default\" data-id=\"dfbeccc\" data-element_type=\"section\">\n\t\t\t\t\t\t<div class=\"elementor-container elementor-column-gap-default\">\n\t\t\t\t\t<div class=\"elementor-column elementor-col-50 elementor-inner-column elementor-element elementor-element-1a673aa text-box\" data-id=\"1a673aa\" data-element_type=\"column\">\n\t\t\t<div class=\"elementor-widget-wrap elementor-element-populated\">\n\t\t\t\t\t\t<div class=\"elementor-element elementor-element-099d819 text-box elementor-widget elementor-widget-text-editor\" data-id=\"099d819\" data-element_type=\"widget\" data-widget_type=\"text-editor.default\">\n\t\t\t\t<div class=\"elementor-widget-container\">\n\t\t\t\t\t\t\t\t\t<h1 class=\"font-hero\" style=\"text-align: center;\">Wellness<\/h1><hr \/><div><p>V\u00edtejte v na\u0161em wellness centru a dop\u0159ejte si odpo\u010dinek a uvoln\u011bn\u00ed nejen pro Va\u0161e t\u011blo, ale i mysl a du\u0161i.<\/p><p>Pro rezervaci wellness vyu\u017eijte n\u00e1\u0161 e-mail:\u00a0<b>hotel.alf@seznam.cz\u00a0<\/b>nebo volejte na\u00a0<b>+420 602 169 285\u00a0<\/b>nebo<b>\u00a0<\/b><b>+ 420 728 505 100<\/b><\/p><\/div><div>\u00a0<\/div><div><b>Otev\u00edrac\u00ed doba: 11.00 \u2013 21.00 hod. ka\u017ed\u00fd den.<\/b><\/div><div>\u00a0<\/div><div><b>Vstup pouze bez plavek.<\/b><\/div><div><b>Pond\u011bl\u00ed &#8211; Ned\u011ble: spole\u010dn\u00e9\u00a0<\/b><\/div><div>\u00a0<\/div><div>Zap\u016fj\u010den\u00ed prost\u011bradla zdarma, dal\u0161\u00ed za poplatek 50,- K\u010d<\/div><div>Ru\u010dn\u00edk poplatek 50,- K\u010d<\/div>\t\t\t\t\t\t\t\t<\/div>\n\t\t\t\t<\/div>\n\t\t\t\t\t<\/div>\n\t\t<\/div>\n\t\t\t\t<div class=\"elementor-column elementor-col-50 elementor-inner-column elementor-element elementor-element-b2600d4\" data-id=\"b2600d4\" data-element_type=\"column\">\n\t\t\t<div class=\"elementor-widget-wrap elementor-element-populated\">\n\t\t\t\t\t\t<div class=\"elementor-element elementor-element-9cefb84 elementor-widget elementor-widget-image\" data-id=\"9cefb84\" data-element_type=\"widget\" data-widget_type=\"image.default\">\n\t\t\t\t<div class=\"elementor-widget-container\">\n\t\t\t\t\t\t\t\t\t\t\t\t\t\t\t<img decoding=\"async\" src=\"http:\/\/oloffson.cz\/wp-content\/uploads\/2023\/06\/8d4137ab-87b4-4124-aed4-3559bc106226-1.jpeg\" title=\"\" alt=\"\" loading=\"lazy\" \/>\t\t\t\t\t\t\t\t\t\t\t\t\t\t\t<\/div>\n\t\t\t\t<\/div>\n\t\t\t\t<div class=\"elementor-element elementor-element-ba81f59 elementor-widget elementor-widget-image\" data-id=\"ba81f59\" data-element_type=\"widget\" data-widget_type=\"image.default\">\n\t\t\t\t<div class=\"elementor-widget-container\">\n\t\t\t\t\t\t\t\t\t\t\t\t\t\t\t<img decoding=\"async\" src=\"http:\/\/oloffson.cz\/wp-content\/uploads\/2023\/06\/618bc122-3568-4e3d-8805-fd92fe5403fc.jpeg\" title=\"\" alt=\"\" loading=\"lazy\" \/>\t\t\t\t\t\t\t\t\t\t\t\t\t\t\t<\/div>\n\t\t\t\t<\/div>\n\t\t\t\t\t<\/div>\n\t\t<\/div>\n\t\t\t\t\t<\/div>\n\t\t<\/section>\n\t\t\t\t\t<\/div>\n\t\t<\/div>\n\t\t\t\t\t<\/div>\n\t\t<\/section>\n\t\t\t\t<\/div>","protected":false},"excerpt":{"rendered":"<p>HOST\u00c9 A APARTM\u00c1NY Po\u010det host\u016f: &#8211; + Pokoj: &#8211; + POU\u017d\u00cdT Wellness V\u00edtejte v na\u0161em wellness centru a dop\u0159ejte si odpo\u010dinek a uvoln\u011bn\u00ed nejen pro Va\u0161e t\u011blo, ale i mysl a du\u0161i. Pro rezervaci wellness vyu\u017eijte n\u00e1\u0161 e-mail:\u00a0hotel.alf@seznam.cz\u00a0nebo volejte na\u00a0+420 602 169 285\u00a0nebo\u00a0+ 420 728 505 100 \u00a0Otev\u00edrac\u00ed doba: 11.00 \u2013 21.00 hod. ka\u017ed\u00fd den.\u00a0Vstup [&hellip;]<\/p>","protected":false},"author":1,"featured_media":0,"parent":0,"menu_order":0,"comment_status":"closed","ping_status":"closed","template":"","meta":{"_acf_changed":false,"footnotes":""},"class_list":["post-10","page","type-page","status-publish","hentry"],"acf":[],"_links":{"self":[{"href":"https:\/\/oloffson.cz\/en\/wp-json\/wp\/v2\/pages\/10","targetHints":{"allow":["GET"]}}],"collection":[{"href":"https:\/\/oloffson.cz\/en\/wp-json\/wp\/v2\/pages"}],"about":[{"href":"https:\/\/oloffson.cz\/en\/wp-json\/wp\/v2\/types\/page"}],"author":[{"embeddable":true,"href":"https:\/\/oloffson.cz\/en\/wp-json\/wp\/v2\/users\/1"}],"replies":[{"embeddable":true,"href":"https:\/\/oloffson.cz\/en\/wp-json\/wp\/v2\/comments?post=10"}],"version-history":[{"count":0,"href":"https:\/\/oloffson.cz\/en\/wp-json\/wp\/v2\/pages\/10\/revisions"}],"wp:attachment":[{"href":"https:\/\/oloffson.cz\/en\/wp-json\/wp\/v2\/media?parent=10"}],"curies":[{"name":"wp","href":"https:\/\/api.w.org\/{rel}","templated":true}]}}